{"id":1228,"date":"2024-11-10T12:14:22","date_gmt":"2024-11-10T11:14:22","guid":{"rendered":"https:\/\/www.bolzanoshopping.com\/1228-2"},"modified":"2024-11-10T12:55:09","modified_gmt":"2024-11-10T11:55:09","slug":"christmas-coin-2024","status":"publish","type":"page","link":"https:\/\/www.bolzanoshopping.com\/de\/christmas-coin-2024","title":{"rendered":""},"content":{"rendered":"<div class=\"fsn-row full-width-row fsn-69e5b18269c5d light\" style=\"background-repeat:repeat;background-position:left top;background-attachment:scroll;background-size:auto;\"><div class=\"container-fluid\"><div class=\"row\"><div class=\"col-sm-12\"><div class=\"fsn-column-inner fsn-69e5b18269dcf light\"><div class=\"fsn-code fsn-69e5b18269f4d\"><img loading=\"lazy\" decoding=\"async\" class=\"size-full wp-image-846 aligncenter\" src=\"https:\/\/www.bolzanoshopping.com\/wp-content\/uploads\/hp-fouryou-natale-christmascoin-people.png\" alt=\"\" width=\"2000\" height=\"439\" srcset=\"https:\/\/www.bolzanoshopping.com\/wp-content\/uploads\/hp-fouryou-natale-christmascoin-people.png 2000w, https:\/\/www.bolzanoshopping.com\/wp-content\/uploads\/hp-fouryou-natale-christmascoin-people-300x66.png 300w, https:\/\/www.bolzanoshopping.com\/wp-content\/uploads\/hp-fouryou-natale-christmascoin-people-1024x225.png 1024w, https:\/\/www.bolzanoshopping.com\/wp-content\/uploads\/hp-fouryou-natale-christmascoin-people-768x169.png 768w, https:\/\/www.bolzanoshopping.com\/wp-content\/uploads\/hp-fouryou-natale-christmascoin-people-640x140.png 640w, https:\/\/www.bolzanoshopping.com\/wp-content\/uploads\/hp-fouryou-natale-christmascoin-people-1536x337.png 1536w, https:\/\/www.bolzanoshopping.com\/wp-content\/uploads\/hp-fouryou-natale-christmascoin-people-400x88.png 400w\" sizes=\"auto, (max-width: 2000px) 100vw, 2000px\" \/><\/div><div class=\"fsn-tabs-container fsn-69e5b18269f93 tabs\"><ul class=\"nav nav-tabs\"><li class=\"active\"><a href=\"#1\" role=\"button\" data-toggle=\"tab\">Christmas Coin 2024<\/a><\/li><li><a href=\"#2\" role=\"button\" data-toggle=\"tab\">Teilnehmende Gesch\u00e4fte<\/a><\/li><li><a href=\"#3\" role=\"button\" data-toggle=\"tab\">Reglement<\/a><\/li><\/ul><div class=\"tab-content\"><div id=\"1\" class=\"tab-pane fade in active\"><div class=\"fsn-tab-container\"><div class=\"visible-print-block fsn-tab-label\">Christmas Coin 2024<\/div><div class=\"fsn-text fsn-69e5b1826a2fc\">\n<h1><img loading=\"lazy\" decoding=\"async\" class=\"size-full wp-image-846 aligncenter\" src=\"https:\/\/www.bolzanoshopping.com\/wp-content\/uploads\/hp-fouryou-natale-christmascoin-people.png\" alt=\"\" width=\"2000\" height=\"439\" srcset=\"https:\/\/www.bolzanoshopping.com\/wp-content\/uploads\/hp-fouryou-natale-christmascoin-people.png 2000w, https:\/\/www.bolzanoshopping.com\/wp-content\/uploads\/hp-fouryou-natale-christmascoin-people-300x66.png 300w, https:\/\/www.bolzanoshopping.com\/wp-content\/uploads\/hp-fouryou-natale-christmascoin-people-1024x225.png 1024w, https:\/\/www.bolzanoshopping.com\/wp-content\/uploads\/hp-fouryou-natale-christmascoin-people-768x169.png 768w, https:\/\/www.bolzanoshopping.com\/wp-content\/uploads\/hp-fouryou-natale-christmascoin-people-640x140.png 640w, https:\/\/www.bolzanoshopping.com\/wp-content\/uploads\/hp-fouryou-natale-christmascoin-people-1536x337.png 1536w, https:\/\/www.bolzanoshopping.com\/wp-content\/uploads\/hp-fouryou-natale-christmascoin-people-400x88.png 400w\" sizes=\"auto, (max-width: 2000px) 100vw, 2000px\" \/>Es ist nicht zu fr\u00fch, um an die Weihnachtseink\u00e4ufe zu denken!<\/h1>\n<p>In diesem Jahr wird der Einkauf dank der \u201eChristmas Coin\u201c noch sch\u00f6ner! In den teilnehmenden Gesch\u00e4ften und \u00f6ffentlichen Einrichtungen erhalten Sie eine \u201eChristmas Coin\u201c, die Sie f\u00fcr einen einzigen Einkauf einl\u00f6sen k\u00f6nnen. Egal, ob es sich um ein Geschenk f\u00fcr Ihre Lieben oder um einen kleinen Luxus f\u00fcr Sie selbst handelt, Sie k\u00f6nnen Ihren Coin in den angegebenen Gesch\u00e4ften einl\u00f6sen, um Ihre Eink\u00e4ufe noch bequemer und festlicher zu gestalten!<\/p>\n<p><img loading=\"lazy\" decoding=\"async\" class=\"size-medium wp-image-847 aligncenter\" src=\"https:\/\/www.bolzanoshopping.com\/wp-content\/uploads\/hp-fouryou-natale-christmascoin-buono-300x160.png\" alt=\"\" width=\"300\" height=\"160\" srcset=\"https:\/\/www.bolzanoshopping.com\/wp-content\/uploads\/hp-fouryou-natale-christmascoin-buono-300x160.png 300w, https:\/\/www.bolzanoshopping.com\/wp-content\/uploads\/hp-fouryou-natale-christmascoin-buono-768x409.png 768w, https:\/\/www.bolzanoshopping.com\/wp-content\/uploads\/hp-fouryou-natale-christmascoin-buono-640x341.png 640w, https:\/\/www.bolzanoshopping.com\/wp-content\/uploads\/hp-fouryou-natale-christmascoin-buono-400x213.png 400w, https:\/\/www.bolzanoshopping.com\/wp-content\/uploads\/hp-fouryou-natale-christmascoin-buono.png 824w\" sizes=\"auto, (max-width: 300px) 100vw, 300px\" \/><\/p>\n<table width=\"100%\">\n<tbody>\n<tr>\n<td width=\"255\">\n<h1 style=\"text-align: center;\">Teilnehmende Gesch\u00e4fte<\/h1>\n<p style=\"text-align: left;\">Klicken Sie hier und entdecken Sie die Liste der Gesch\u00e4fte und L\u00e4den, die an der Initiative teilnehmen!<\/p>\n<\/td>\n<td width=\"155\">\n<p style=\"text-align: center;\"><a class=\"button \" href=\"\/de\/?page_id=1228#2\" target=\"_blank\" rel=\"noopener\">Entdecken<\/a><\/p>\n<\/td>\n<\/tr>\n<\/tbody>\n<\/table>\n<\/div><\/div><\/div><div id=\"2\" class=\"tab-pane fade\"><div class=\"fsn-tab-container\"><div class=\"visible-print-block fsn-tab-label\">Teilnehmende Gesch\u00e4fte<\/div><div class=\"fsn-text fsn-69e5b1826a3fb\">\n<h1 style=\"text-align: center;\">Teilnehmende Gesch\u00e4fte<\/h1>\n<p><img loading=\"lazy\" decoding=\"async\" class=\"size-medium wp-image-847 aligncenter\" src=\"https:\/\/www.bolzanoshopping.com\/wp-content\/uploads\/hp-fouryou-natale-christmascoin-buono-300x160.png\" alt=\"\" width=\"300\" height=\"160\" srcset=\"https:\/\/www.bolzanoshopping.com\/wp-content\/uploads\/hp-fouryou-natale-christmascoin-buono-300x160.png 300w, https:\/\/www.bolzanoshopping.com\/wp-content\/uploads\/hp-fouryou-natale-christmascoin-buono-768x409.png 768w, https:\/\/www.bolzanoshopping.com\/wp-content\/uploads\/hp-fouryou-natale-christmascoin-buono-640x341.png 640w, https:\/\/www.bolzanoshopping.com\/wp-content\/uploads\/hp-fouryou-natale-christmascoin-buono-400x213.png 400w, https:\/\/www.bolzanoshopping.com\/wp-content\/uploads\/hp-fouryou-natale-christmascoin-buono.png 824w\" sizes=\"auto, (max-width: 300px) 100vw, 300px\" \/><\/p>\n<table width=\"100%\">\n<tbody>\n<tr>\n<td width=\"255\">ABBIGLIAMENTO ALL-IN<\/td>\n<td width=\"155\">Mailndstr 108<\/td>\n<td width=\"82\">39100 Bozen<\/td>\n<\/tr>\n<tr>\n<td>BAR BIRRERIA ROMAGNOLO<\/td>\n<td>Matteotti Platz<\/td>\n<td>39100 Bozen<\/td>\n<\/tr>\n<tr>\n<td>BAR GRADO 28<\/td>\n<td>Italienallee 67<\/td>\n<td>39100 Bozen<\/td>\n<\/tr>\n<tr>\n<td>BAR OSTERIA DA PICCHIO<\/td>\n<td>Qureiner Str. 11<\/td>\n<td>39100 Bozen<\/td>\n<\/tr>\n<tr>\n<td>BLOB<\/td>\n<td>Turinerstr. Str. 66<\/td>\n<td>39100 Bozen<\/td>\n<\/tr>\n<tr>\n<td>BOUTIQUE PORTOFINO<\/td>\n<td>Europagalerie 7<\/td>\n<td>39100 Bozen<\/td>\n<\/tr>\n<tr>\n<td>CALZATURE ANTEA<\/td>\n<td>Europagalerie 11b<\/td>\n<td>39100 Bozen<\/td>\n<\/tr>\n<tr>\n<td>CARTO TOYS<\/td>\n<td>Palermo Str. 29<\/td>\n<td>39100 Bozen<\/td>\n<\/tr>\n<tr>\n<td>CICLI GOTTARDI<\/td>\n<td>Neustifterweg 16c<\/td>\n<td>39100 Bozen<\/td>\n<\/tr>\n<tr>\n<td>COCCINELLE<\/td>\n<td>Piazza del Grano 11<\/td>\n<td>39100 Bozen<\/td>\n<\/tr>\n<tr>\n<td>CRESSOTTI ASSICURAZIONI<\/td>\n<td>Rovigo Str.<\/td>\n<td>39100 Bozen<\/td>\n<\/tr>\n<tr>\n<td>DORI MODE<\/td>\n<td>Weintraubengasse 15<\/td>\n<td>39100 Bozen<\/td>\n<\/tr>\n<tr>\n<td>EMOTIONS BOUTIQUE<\/td>\n<td>Freiheitsstr. 63<\/td>\n<td>39100 Bozen<\/td>\n<\/tr>\n<tr>\n<td>ENOTECA ALLA CANTINOTTA<\/td>\n<td>Turinerstr. 80<\/td>\n<td>39100 Bozen<\/td>\n<\/tr>\n<tr>\n<td>ERBAVOGLIO ABBIGLIAMENTO<\/td>\n<td>Freiheitsstr. 37<\/td>\n<td>39100 Bozen<\/td>\n<\/tr>\n<tr>\n<td>ETREBELLE ERBORISTERIA<\/td>\n<td>Turinerstr. 18<\/td>\n<td>39100 Bozen<\/td>\n<\/tr>\n<tr>\n<td>FERRAMENTA ZANONI<\/td>\n<td>Turinerstr. 27<\/td>\n<td>39100 Bozen<\/td>\n<\/tr>\n<tr>\n<td>FOTO GATTI<\/td>\n<td>Mailandstr., 101<\/td>\n<td>39100 Bozen<\/td>\n<\/tr>\n<tr>\n<td>FRAME SHOP<\/td>\n<td>Dalmatienstr. 25<\/td>\n<td>39100 Bozen<\/td>\n<\/tr>\n<tr>\n<td>GIOIELLERIA BONALDI<\/td>\n<td>Dalmatienstr., 97<\/td>\n<td>39100 Bozen<\/td>\n<\/tr>\n<tr>\n<td>GIOIELLERIA RESIA<\/td>\n<td>Reschenstr. 76<\/td>\n<td>39100 Bozen<\/td>\n<\/tr>\n<tr>\n<td>GIOIELLI E TENTAZIONI<\/td>\n<td>Romstr. 9a<\/td>\n<td>39100 Bozen<\/td>\n<\/tr>\n<tr>\n<td>GLAMOUR<\/td>\n<td>Leonardo da Vinci Str. 3<\/td>\n<td>39100 Bozen<\/td>\n<\/tr>\n<tr>\n<td>GLASS ART AFFAIR<\/td>\n<td>Romstr. 72 f<\/td>\n<td>39100 Bozen<\/td>\n<\/tr>\n<tr>\n<td>HAIR COSMETIC<\/td>\n<td>Florenzerstr. 58<\/td>\n<td>39100 Bozen<\/td>\n<\/tr>\n<tr>\n<td>IL BULLONE FERRAMENTA<\/td>\n<td>Sassari Str. 63<\/td>\n<td>39100 Bozen<\/td>\n<\/tr>\n<tr>\n<td>IL GLADIATORE PIZZERIA-GASTRONOMIA<\/td>\n<td>Gaismair Str.25<\/td>\n<td>39100 Bozen<\/td>\n<\/tr>\n<tr>\n<td>ISTITUTO ESTETICO PATRIZIA<\/td>\n<td>Europagalerie 26<\/td>\n<td>39100 Bozen<\/td>\n<\/tr>\n<tr>\n<td>KREA CARTOLERIA<\/td>\n<td>Bari Str. 37<\/td>\n<td>39100 Bozen<\/td>\n<\/tr>\n<tr>\n<td>L&#8217;INTIMO DA CONNY E BIANCHERIA<\/td>\n<td>Bari Str. 31<\/td>\n<td>39100 Bozen<\/td>\n<\/tr>\n<tr>\n<td>MARYGRACEALB<\/td>\n<td>Pfarrhofstr. 72<\/td>\n<td>39100 Bozen<\/td>\n<\/tr>\n<tr>\n<td>MERCERIE FUGANTI<\/td>\n<td>Turinerstr., 87<\/td>\n<td>39100 Bozen<\/td>\n<\/tr>\n<tr>\n<td>MG WATCH MODE<\/td>\n<td>Freiheitsstr. 57b<\/td>\n<td>39100 Bozen<\/td>\n<\/tr>\n<tr>\n<td>MODE SISSI<\/td>\n<td>Mailandstr., 55<\/td>\n<td>39100 Bozen<\/td>\n<\/tr>\n<tr>\n<td>MYA BOUTIQUE<\/td>\n<td>Dr. J. Streiter Gasse 20c<\/td>\n<td>39100 Bozen<\/td>\n<\/tr>\n<tr>\n<td>OSTERIA AL TINELLO<\/td>\n<td>Gerberstr. 38<\/td>\n<td>39100 Bozen<\/td>\n<\/tr>\n<tr>\n<td>OTTICA GIANNI<\/td>\n<td>Mailandstr., 93<\/td>\n<td>39100 Bozen<\/td>\n<\/tr>\n<tr>\n<td>OTTICA PELLEGRINI<\/td>\n<td>Freiheitsstr. 51<\/td>\n<td>39100 Bozen<\/td>\n<\/tr>\n<tr>\n<td>PALESTRA LIFESTYLE<\/td>\n<td>Palermo Str., 45<\/td>\n<td>39100 Bozen<\/td>\n<\/tr>\n<tr>\n<td>PALLADIUM<\/td>\n<td>Museumstr. 48a<\/td>\n<td>39100 Bozen<\/td>\n<\/tr>\n<tr>\n<td>PARAFARMACIA SANTA LUCIA<\/td>\n<td>Europagalerie 24<\/td>\n<td>39100 Bozen<\/td>\n<\/tr>\n<tr>\n<td>PARRUCCHIERE PORTICO 12<\/td>\n<td>Matteotti Platz 4<\/td>\n<td>39100 Bozen<\/td>\n<\/tr>\n<tr>\n<td>PASTICCERIA LA MOUSSE<\/td>\n<td>Sassari Str. 91<\/td>\n<td>39100 Bozen<\/td>\n<\/tr>\n<tr>\n<td>PIZZA FUNICULI&#8216;<\/td>\n<td>Palermo Str. 10<\/td>\n<td>39100 Bozen<\/td>\n<\/tr>\n<tr>\n<td>PIZZA GOURMET DA DYLAN<\/td>\n<td>Romstr. 48<\/td>\n<td>39100 Bozen<\/td>\n<\/tr>\n<tr>\n<td>PIZZERIA PAPERO GIALLO<\/td>\n<td>Mailandstr. 37<\/td>\n<td>39100 Bozen<\/td>\n<\/tr>\n<tr>\n<td>PIZZERIA TEGLIA 2.0<\/td>\n<td>Giacomo Puccini Str. 36<\/td>\n<td>39100 Bozen<\/td>\n<\/tr>\n<tr>\n<td>PREARO HAIR<\/td>\n<td>Bari Str. 25<\/td>\n<td>39100 Bozen<\/td>\n<\/tr>\n<tr>\n<td>PREMIER ABBIGLIAMENTO<\/td>\n<td>Freiheitsstr. 27<\/td>\n<td>39100 Bozen<\/td>\n<\/tr>\n<tr>\n<td>PROJECT 2.0<\/td>\n<td>Rauschentorgasse 20<\/td>\n<td>39100 Bozen<\/td>\n<\/tr>\n<tr>\n<td>QUEEN&#8217;S NAIL &amp; BEAUTY<\/td>\n<td>Turinerstr. 96<\/td>\n<td>39100 Bozen<\/td>\n<\/tr>\n<tr>\n<td>RISTORANTE AL TORCHIO<\/td>\n<td>Museumstr. 2a<\/td>\n<td>39100 Bozen<\/td>\n<\/tr>\n<tr>\n<td>RISTORANTE GAMBERO<\/td>\n<td>Ludwig Thuille Str 5a<\/td>\n<td>39100 Bozen<\/td>\n<\/tr>\n<tr>\n<td>RISTORANTE MELOGRANO<\/td>\n<td>Verona Str. 6c<\/td>\n<td>39100 Bozen<\/td>\n<\/tr>\n<tr>\n<td>SALONE BEAUTY HAIR<\/td>\n<td>Palermo Str. 37<\/td>\n<td>39100 Bozen<\/td>\n<\/tr>\n<tr>\n<td>SAVINO COFFEE SHOP<\/td>\n<td>Turinerstr. 58<\/td>\n<td>39100 Bozen<\/td>\n<\/tr>\n<tr>\n<td>SWEET HOUSE<\/td>\n<td>Palermo Str., 27\/A<\/td>\n<td>39100 Bozen<\/td>\n<\/tr>\n<tr>\n<td>SYS\u00d2<\/td>\n<td>Laubengasse 23<\/td>\n<td>39100 Bozen<\/td>\n<\/tr>\n<tr>\n<td>SYS\u00d2<\/td>\n<td>Mustergasse 20a<\/td>\n<td>39100 Bozen<\/td>\n<\/tr>\n<tr>\n<td>ZANOLINI BIKE PROFESSIONAL<\/td>\n<td>Dalmatienstr. 21a<\/td>\n<td>39100 Bozen<\/td>\n<\/tr>\n<\/tbody>\n<\/table>\n<h1 style=\"text-align: center;\">Reglement des Christmas Coin 2024<\/h1>\n<p style=\"text-align: center;\"><a class=\"button \" href=\"\/de\/?page_id=1228#3\" target=\"_blank\" rel=\"noopener\">Lesen<\/a><\/p>\n<\/div><\/div><\/div><div id=\"3\" class=\"tab-pane fade\"><div class=\"fsn-tab-container\"><div class=\"visible-print-block fsn-tab-label\">Reglement<\/div><div class=\"fsn-text fsn-69e5b1826a46d\">\n<h1 style=\"text-align: center;\">Reglement des Wettbewerbs<\/h1>\n<p style=\"text-align: left;\"><span style=\"color: #ea314d;\"><strong>\u201eFouryou\u201c und \u201eConfesercenti Alto Adige S\u00fcdtirol\u201c<\/strong><\/span> wollen in Zusammenarbeit mit der <span style=\"color: #ea314d;\"><strong>Gemeinde Bozen<\/strong> <\/span>die lokalen Unternehmen f\u00f6rdern, den Bekanntheitsgrad steigern und zum Einkaufen bei den Gesch\u00e4ften und H\u00e4ndlern im Gemeindegebiet anregen.<\/p>\n<p style=\"text-align: left;\"><strong><span style=\"color: #ea314d;\">1. NAME UND ART DER INITIATIVE<br \/>\n<\/span><\/strong><\/p>\n<p style=\"text-align: left;\">Die Initiative hei\u00dft \u201eCOIN Weihnachten 2024\u201c und erfolgt durch die Ausgabe von Rabattgutscheinen in Form von Karten, genannt \u201eCOIN\u201c, mit variablem Wert (von mindestens 3 Euro bis maximal 10 Euro), die von Kunden und Besuchern in den an der Initiative teilnehmenden Gesch\u00e4ften und \u00f6ffentlichen Einrichtungen nach den unten angegebenen Modalit\u00e4ten eingel\u00f6st werden k\u00f6nnen. Der Wert jeder COIN ist auf dem Gutschein angegeben, und der Kunde\/Abenteurer muss die Beschichtung freirubbeln, um das Gesch\u00e4ft\/die \u00f6ffentliche Einrichtung zu finden, in dem\/der sie eingel\u00f6st werden kann.<\/p>\n<p style=\"text-align: left;\"><span style=\"color: #ea314d;\"><strong>2. ZEITRAUM<br \/>\n<\/strong><\/span><\/p>\n<p style=\"text-align: left;\">Die Aktion l\u00e4uft vom 15\/11\/24 bis zum 24\/12\/24.<\/p>\n<p style=\"text-align: left;\"><span style=\"color: #ea314d;\"><strong>3. STANDORT<br \/>\n<\/strong><\/span><\/p>\n<p style=\"text-align: left;\">In der Gemeinde Bozen, in den teilnehmenden Gesch\u00e4ften und Betrieben.<\/p>\n<p style=\"text-align: left;\"><span style=\"color: #ea314d;\"><strong>4. MECHANIKEN DER INITIATIVE<br \/>\n<\/strong><\/span><\/p>\n<p style=\"text-align: left;\">Kunden und Besucher von Gesch\u00e4ften und \u00f6ffentlichen Einrichtungen, die sich an der Initiative beteiligen, erhalten einen COIN, der gem\u00e4\u00df den in diesen Bestimmungen festgelegten Verfahren verwendet werden kann. Jeder COIN kann mit einem Mindestumsatz in H\u00f6he des doppelten Wertes des COIN verwendet werden (z. B. kann ein COIN von 3,00 Euro mit einem Mindestumsatz von 6,00 Euro verwendet werden). Jeder COIN kann nur f\u00fcr einen einzigen Kauf von Waren\/Produkten und nicht von Dienstleistungen in den auf dem COIN angegebenen Gesch\u00e4ften oder Einrichtungen verwendet werden. COINs k\u00f6nnen weder kumuliert noch gegen Bargeld, Wertkarten, Prepaid- oder Servicekarten, Aufladungen oder Gutscheine anderer Art eingel\u00f6st werden. Sie k\u00f6nnen auch nicht f\u00fcr den Kauf von Rubbellosen, Lotterielosen, Briefmarken, Rauchen, Medikamenten, Babynahrung (0-6 Monate), SIM-Karten und Telefonaufladungen, Geschenkkarten und Geschenkboxen, PAY-TV-Abonnements und -Aufladungen sowie f\u00fcr Produkte, die gesetzlich nicht gef\u00f6rdert werden d\u00fcrfen, verwendet werden. COINs k\u00f6nnen nicht f\u00fcr den Kauf von Produkten verwendet werden, die bereits rabattiert sind, sich in einer Werbeaktion befinden oder ein Guthaben aufweisen. Der Kunde oder G\u00f6nner kann daher nur einen COIN pro Einkauf verwenden. COINs k\u00f6nnen nur in dem Gesch\u00e4ft oder der \u00f6ffentlichen Einrichtung verwendet werden, die auf dem COIN angegeben ist.<\/p>\n<p style=\"text-align: left;\"><strong><span style=\"color: #ea314d;\">5. ALLGEMEINE REGELN<br \/>\n<\/span><\/strong><\/p>\n<p style=\"text-align: left;\">Bei Fragen k\u00f6nnen sich Kunden oder G\u00f6nner an <a href=\"mailto:fouryoubolzano@yahoo.it\">fouryoubolzano@yahoo.it<\/a> wenden. Die Teilnahme an dieser Initiative setzt die bedingungslose und uneingeschr\u00e4nkte Annahme der in diesem Reglement enthaltenen Regeln und Klauseln voraus, ohne jegliche Einschr\u00e4nkungen. Der Verein ist nicht direkt f\u00fcr die Verteilung der COINs an den Verbraucher verantwortlich und \u00fcbernimmt keine Verantwortung f\u00fcr eventuelle Fehler bei der Verwaltung der COINs durch die an der Initiative teilnehmenden H\u00e4ndler.Der Verein beh\u00e4lt sich das Recht vor, unter den von ihm als angemessen erachteten Bedingungen und in \u00dcbereinstimmung mit den geltenden Gesetzen gegen jede Initiative vorzugehen, die auf die Umgehung des entwickelten Systems abzielt.Den Teilnehmern ist jede betr\u00fcgerische oder illegale Aktivit\u00e4t im Rahmen der Initiative untersagt. Der veranstaltende Verein \u00fcbernimmt keine Verantwortung f\u00fcr Zugangsprobleme, Hindernisse, Funktionsst\u00f6rungen oder Schwierigkeiten, die den Endverbraucher am Zugang zum Dienst und an der Teilnahme hindern k\u00f6nnten, und beh\u00e4lt sich das Recht vor, das Reglement zu \u00e4ndern oder zu erg\u00e4nzen, ohne jemals die von den Teilnehmern erworbenen Rechte zu verletzen, sofern die Betroffenen vorher dar\u00fcber informiert werden.<\/p>\n<p style=\"text-align: left;\"><span style=\"color: #ea314d;\"><strong>6. INFORMATIONEN \u00dcBER DIE VERARBEITUNG PERSONENBEZOGENER DATEN<\/strong><\/span><\/p>\n<p style=\"text-align: left;\">Die personenbezogenen Daten werden zum Zweck der Durchf\u00fchrung der Initiative verarbeitet, auch mit automatisierten Mitteln. Die Verarbeitung erfolgt mit Mitteln, die geeignet sind, die Sicherheit und Vertraulichkeit der Teilnehmer zu gew\u00e4hrleisten.<\/p>\n<p style=\"text-align: left;\"><span style=\"color: #ea314d;\"><strong>7. WERBUNG<br \/>\n<\/strong><\/span><\/p>\n<p style=\"text-align: left;\">Die Initiative wird \u00fcber die Website, Brosch\u00fcren, Plakate und Postwurfsendungen beworben.<\/p>\n<\/div><\/div><\/div><\/div><\/div><\/div><\/div><\/div><\/div><\/div>\n","protected":false},"excerpt":{"rendered":"","protected":false},"author":1,"featured_media":0,"parent":0,"menu_order":0,"comment_status":"closed","ping_status":"closed","template":"page-templates\/template-full-width-blank.php","meta":{"footnotes":""},"class_list":["post-1228","page","type-page","status-publish","hentry","content-box content-box-wrapper"],"_links":{"self":[{"href":"https:\/\/www.bolzanoshopping.com\/de\/wp-json\/wp\/v2\/pages\/1228","targetHints":{"allow":["GET"]}}],"collection":[{"href":"https:\/\/www.bolzanoshopping.com\/de\/wp-json\/wp\/v2\/pages"}],"about":[{"href":"https:\/\/www.bolzanoshopping.com\/de\/wp-json\/wp\/v2\/types\/page"}],"author":[{"embeddable":true,"href":"https:\/\/www.bolzanoshopping.com\/de\/wp-json\/wp\/v2\/users\/1"}],"replies":[{"embeddable":true,"href":"https:\/\/www.bolzanoshopping.com\/de\/wp-json\/wp\/v2\/comments?post=1228"}],"version-history":[{"count":7,"href":"https:\/\/www.bolzanoshopping.com\/de\/wp-json\/wp\/v2\/pages\/1228\/revisions"}],"predecessor-version":[{"id":1246,"href":"https:\/\/www.bolzanoshopping.com\/de\/wp-json\/wp\/v2\/pages\/1228\/revisions\/1246"}],"wp:attachment":[{"href":"https:\/\/www.bolzanoshopping.com\/de\/wp-json\/wp\/v2\/media?parent=1228"}],"curies":[{"name":"wp","href":"https:\/\/api.w.org\/{rel}","templated":true}]}}